{"id":73,"date":"2025-02-13T15:51:11","date_gmt":"2025-02-13T18:51:11","guid":{"rendered":"https:\/\/rayitosolaz.cl\/?page_id=73"},"modified":"2025-02-15T17:36:23","modified_gmt":"2025-02-15T20:36:23","slug":"equipo-directivo","status":"publish","type":"page","link":"https:\/\/rayitosolaz.cl\/?page_id=73","title":{"rendered":"Equipo Directivo"},"content":{"rendered":"\n<section id=\"g-kkevarp\" class=\"wp-block-gutentor-m9 section-g-kkevarp gutentor-module gutentor-module-form-wrapper\"><div class=\"grid-container\"><div>\n    <h2 style=\"color: #ff6204;\">EQUIPO DIRECTIVO<\/h2>\n    <p style=\"text-align: justify;\">El liderazgo que ejerce el equipo directivo de la Escuela Especial Transitoria de Lenguaje &#8220;Mi Rayito de Solaz&#8221;, junto al Equipo Pedag\u00f3gico y Administrativo tiene como misi\u00f3n potenciar e incluir en los procesos y resultados de logros significativos de los peque\u00f1os estudiantes.<\/p>\n<p style=\"text-align: justify;\"><i>&#8220;Se ha demostrado que las variables escolares que m\u00e1s impactan en los aprendizajes de los estudiantes es el liderazgo educativo se ubica en el segundo lugar, luego de la labor pedag\u00f3gica que realizan los profesores al interior de las salas de clases&#8221; <strong>(Leth Wood, Harris y Hopkins 2008).<\/strong><\/i><\/p>\n\n    <p style=\"text-align: justify;\">El trabajo en conjunto desde marzo del 2008 a la fecha ha sido pilar para:\n    <ul style=\"text-align: justify;\">\n        <li>Potenciar los diferentes liderazgos.<\/li>\n        <li>Desarrollar conocimientos, habilidades y aptitudes necesarias para fortalecer, mejorar la gesti\u00f3n educativa facilitando herramientas de conducci\u00f3n y construcci\u00f3n de di\u00e1logos altamente profesionales, que permitan aportar a la reflexi\u00f3n cr\u00edtica y a la conformaci\u00f3n de una comunidad de aprendizajes, e ir apropi\u00e1ndonos de una pedagog\u00eda basada en el modelo del constructivismo, afectividad, valores y principios con un foco formativo para impactar en el aprendizaje integral con equidad en cada p\u00e1rvulo y la participaci\u00f3n significativa de la familia.<\/li><\/ul>\n    <\/p>\n\n\n<div style=\"display: flex; justify-content: space-around;\">\n  <div style=\"display: flex; flex-direction: column; align-items: center;\">\n    <img decoding=\"async\" src=\"https:\/\/rayitosolaz.cl\/wp-content\/uploads\/2025\/02\/Tia-Eliana.png\" alt=\"Descripci\u00f3n de la imagen 1\" width=\"200\">\n    <p style=\"text-align: center;\"><strong>Eliana Araya Neira<\/strong><br>Directora<\/p>\n  <\/div>\n  <div style=\"display: flex; flex-direction: column; align-items: center;\">\n    <img decoding=\"async\" src=\"https:\/\/rayitosolaz.cl\/wp-content\/uploads\/2025\/02\/Tia-Betty.png\" alt=\"Descripci\u00f3n de la imagen 2\" width=\"200\">\n    <p style=\"text-align: center;\"><strong>Betty Araya Neira<\/strong><br>Sostenedora<\/p>\n  <\/div>\n  <div style=\"display: flex; flex-direction: column; align-items: center;\">\n    <img decoding=\"async\" src=\"https:\/\/rayitosolaz.cl\/wp-content\/uploads\/2025\/02\/Tia-Rosita.png\" alt=\"Descripci\u00f3n de la imagen 3\" width=\"200\">\n    <p style=\"text-align: center;\"><strong>Rosa Honores Mujica<\/strong><br>Jefa de UTP<\/p>\n  <\/div>\n<\/div>\n\n\n\n\n<\/div><\/div><\/section>\n","protected":false},"excerpt":{"rendered":"","protected":false},"author":1,"featured_media":0,"parent":0,"menu_order":0,"comment_status":"closed","ping_status":"closed","template":"","meta":{"footnotes":""},"class_list":["post-73","page","type-page","status-publish","hentry"],"_links":{"self":[{"href":"https:\/\/rayitosolaz.cl\/index.php?rest_route=\/wp\/v2\/pages\/73","targetHints":{"allow":["GET"]}}],"collection":[{"href":"https:\/\/rayitosolaz.cl\/index.php?rest_route=\/wp\/v2\/pages"}],"about":[{"href":"https:\/\/rayitosolaz.cl\/index.php?rest_route=\/wp\/v2\/types\/page"}],"author":[{"embeddable":true,"href":"https:\/\/rayitosolaz.cl\/index.php?rest_route=\/wp\/v2\/users\/1"}],"replies":[{"embeddable":true,"href":"https:\/\/rayitosolaz.cl\/index.php?rest_route=%2Fwp%2Fv2%2Fcomments&post=73"}],"version-history":[{"count":18,"href":"https:\/\/rayitosolaz.cl\/index.php?rest_route=\/wp\/v2\/pages\/73\/revisions"}],"predecessor-version":[{"id":247,"href":"https:\/\/rayitosolaz.cl\/index.php?rest_route=\/wp\/v2\/pages\/73\/revisions\/247"}],"wp:attachment":[{"href":"https:\/\/rayitosolaz.cl\/index.php?rest_route=%2Fwp%2Fv2%2Fmedia&parent=73"}],"curies":[{"name":"wp","href":"https:\/\/api.w.org\/{rel}","templated":true}]}}