{"id":64,"date":"2025-02-13T15:49:26","date_gmt":"2025-02-13T18:49:26","guid":{"rendered":"https:\/\/rayitosolaz.cl\/?page_id=64"},"modified":"2025-02-15T16:49:44","modified_gmt":"2025-02-15T19:49:44","slug":"mini-cancha","status":"publish","type":"page","link":"https:\/\/rayitosolaz.cl\/?page_id=64","title":{"rendered":"Mini Cancha"},"content":{"rendered":"\n<section id=\"g-i3lllee\" class=\"wp-block-gutentor-m9 section-g-i3lllee gutentor-module gutentor-module-form-wrapper\"><div class=\"grid-container\"><div>\n\n  <h2 style=\"color: #ff6204;\">PSICOMOTRICIDAD<\/h2>\n  <p style=\"text-align: justify;\">La Educaci\u00f3n F\u00edsica tiene multiples beneficios en el peque\u00f1o estudiante a nivel biol\u00f3gico, pero tambi\u00e9n posee otros beneficios \u00bfLos conoces?.<\/p>\n  <p style=\"text-align: justify;\"><ul>\n<li>Mejora la interacci\u00f3n social.<\/li>\n<li>Conocimiento propio del cuerpo y de las propias posibilidades.<\/li>\n<li>Tomar conocimiento de las caracter\u00edsticas de su cuerpo e imagen corporal.<\/li>\n<li>Mejora la capacidad cognitiva.<\/li><\/ul><\/p>\n  <p style=\"text-align: justify;\">Cuando nos ejercitamos, activamos la generaci\u00f3n de neuronas y la conexi\u00f3n entre las mismas en el hipocampo, zona del cerebro responsable del aprendizaje, la memoria y la atenci\u00f3n.  Es por esa raz\u00f3n, que la Educaci\u00f3n F\u00edsica es un n\u00facleo. muy importante en el crecimiento integral del alumno y est\u00e1 incluida en nuestra escuelita desde el a\u00f1o 2011<\/p>\n  <div style=\"display: flex; flex-direction: column;\">\n    <p style=\"text-align: justify;\">Diferentes escuelas de lenguaje y de educaci\u00f3n b\u00e1sica han realizado visitas guiadas a nuestra granja. Si eres docente o directivo de alguna escuela y quieres que tus alumnos vivan esta experiencia, puedes llenar el siguiente formulario y nos contactaremos contigo.<\/p>\n    <br><div style=\"display: flex;\">\n  <div style=\"width: 80%;\">\n    <iframe loading=\"lazy\" width=\"660\" height=\"315\" src=\"https:\/\/www.youtube.com\/embed\/4EI-ScjxDiE?si=H70VwBYeKrfw8cxI&amp;start=0\" title=\"YouTube video player\" frameborder=\"0\" allow=\"accelerometer; autoplay; clipboard-write; encrypted-media; gyroscope; picture-in-picture; web-share\" referrerpolicy=\"strict-origin-when-cross-origin\" allowfullscreen><\/iframe>\n  <\/div>\n  <div style=\"width: 50%; display: flex; flex-direction: column; align-items: center; justify-content: center;\">\n    <p style=\"text-align: center;\">Presentaci\u00f3n de Revista de Gimnasia<br>de nuestros alumnos.<\/p>\n    <img loading=\"lazy\" decoding=\"async\" src=\"https:\/\/rayitosolaz.cl\/wp-content\/uploads\/2025\/02\/revista-300x164-1.png\" alt=\"revista\" width=\"200\" height=\"100\">\n  <\/div>\n<\/div>\n  <\/div>\n\n<\/div><\/div><\/section>\n","protected":false},"excerpt":{"rendered":"","protected":false},"author":1,"featured_media":0,"parent":0,"menu_order":0,"comment_status":"closed","ping_status":"closed","template":"","meta":{"footnotes":""},"class_list":["post-64","page","type-page","status-publish","hentry"],"_links":{"self":[{"href":"https:\/\/rayitosolaz.cl\/index.php?rest_route=\/wp\/v2\/pages\/64","targetHints":{"allow":["GET"]}}],"collection":[{"href":"https:\/\/rayitosolaz.cl\/index.php?rest_route=\/wp\/v2\/pages"}],"about":[{"href":"https:\/\/rayitosolaz.cl\/index.php?rest_route=\/wp\/v2\/types\/page"}],"author":[{"embeddable":true,"href":"https:\/\/rayitosolaz.cl\/index.php?rest_route=\/wp\/v2\/users\/1"}],"replies":[{"embeddable":true,"href":"https:\/\/rayitosolaz.cl\/index.php?rest_route=%2Fwp%2Fv2%2Fcomments&post=64"}],"version-history":[{"count":28,"href":"https:\/\/rayitosolaz.cl\/index.php?rest_route=\/wp\/v2\/pages\/64\/revisions"}],"predecessor-version":[{"id":207,"href":"https:\/\/rayitosolaz.cl\/index.php?rest_route=\/wp\/v2\/pages\/64\/revisions\/207"}],"wp:attachment":[{"href":"https:\/\/rayitosolaz.cl\/index.php?rest_route=%2Fwp%2Fv2%2Fmedia&parent=64"}],"curies":[{"name":"wp","href":"https:\/\/api.w.org\/{rel}","templated":true}]}}