{"id":54,"date":"2025-02-13T15:47:21","date_gmt":"2025-02-13T18:47:21","guid":{"rendered":"https:\/\/rayitosolaz.cl\/?page_id=54"},"modified":"2025-02-13T17:37:16","modified_gmt":"2025-02-13T20:37:16","slug":"excelencia","status":"publish","type":"page","link":"https:\/\/rayitosolaz.cl\/?page_id=54","title":{"rendered":"Excelencia"},"content":{"rendered":"\n<section id=\"g-86icwde\" class=\"wp-block-gutentor-m9 section-g-86icwde gutentor-module gutentor-module-form-wrapper\"><div class=\"grid-container\"><div class=\"contenedor-texto-imagen\">\n\n  <div class=\"fila\">\n    <div class=\"columna-texto\">\n      <h2 style=\"color: #ff6204;\">Excelencia Acad\u00e9mica<\/h2>\n      <p>Nuestra escuelita es reconocida por el SNED (Sistema Nacional de Evaluacion de Desempe\u00f1o) con la Excelencia Acad\u00e9mica desde el a\u00f1o 2014<\/p>\n<p>Para obtener esta certificaci\u00f3n, el sistema eval\u00f1ua:\n<ul>\n<li>Gesti\u00f3n administrativa del establecimiento<\/li>\n<li>Gesti\u00f3n Pedag\u00f3gica<\/li>\n<li>Logro de los estudiantes<\/li>\n<li>Participaci\u00f3n de los apoderados<\/li>\n<li>Actividades extracurriculares<\/li>\n<li>Innovaciones pedag\u00f3gicas<\/li>\n<li>Calidad de Convivencia Escolar<\/li>\n<\/ul><\/p>\n<p>Y estamos muy contentos de seguir recibiendo este reconocimiento que es el resultado de un gran trabajo en equipo.<\/p>\n    <\/div>\n    <div class=\"columna-imagen\">\n      <img decoding=\"async\" src=\"https:\/\/rayitosolaz.cl\/wp-content\/uploads\/2025\/02\/logo-sned.jpeg\" alt=\"SNED\">\n    <\/div>\n  <\/div>\n\n  <div class=\"fila\">\n    <div class=\"columna-imagen\">\n      <img decoding=\"async\" src=\"https:\/\/rayitosolaz.cl\/wp-content\/uploads\/2025\/02\/Escuela-sustentable.png\" alt=\"Sustentable\">\n    <\/div>\n    <div class=\"columna-texto\">\n      <h2 style=\"color: #ff6204;\">Excelencia Ambiental<\/h2>\n      <p>Contamos con la &#8220;Excelencia Ambiental&#8221;, desde el mes de Junio del 2010.<\/p>\n<p>Tenemos un sistema de reciclaje, en donde nuestros alumnos aprenden a ayudar al planeta. Adem\u00e1s de diferentes actividades, siendo la mas importante la <strong>&#8220;Caminata por el Medio Ambiente&#8221;<\/strong>. Esta se realiza con el fin de concientizar a la comunidad de Alto Hospicio.  Para conservar, mantener y cuidar la naturaleza y el medio ambiente.<\/p>\n    <\/div>\n  <\/div>\n\n<\/div><\/div><\/section>\n","protected":false},"excerpt":{"rendered":"","protected":false},"author":1,"featured_media":0,"parent":0,"menu_order":0,"comment_status":"closed","ping_status":"closed","template":"","meta":{"footnotes":""},"class_list":["post-54","page","type-page","status-publish","hentry"],"_links":{"self":[{"href":"https:\/\/rayitosolaz.cl\/index.php?rest_route=\/wp\/v2\/pages\/54","targetHints":{"allow":["GET"]}}],"collection":[{"href":"https:\/\/rayitosolaz.cl\/index.php?rest_route=\/wp\/v2\/pages"}],"about":[{"href":"https:\/\/rayitosolaz.cl\/index.php?rest_route=\/wp\/v2\/types\/page"}],"author":[{"embeddable":true,"href":"https:\/\/rayitosolaz.cl\/index.php?rest_route=\/wp\/v2\/users\/1"}],"replies":[{"embeddable":true,"href":"https:\/\/rayitosolaz.cl\/index.php?rest_route=%2Fwp%2Fv2%2Fcomments&post=54"}],"version-history":[{"count":25,"href":"https:\/\/rayitosolaz.cl\/index.php?rest_route=\/wp\/v2\/pages\/54\/revisions"}],"predecessor-version":[{"id":122,"href":"https:\/\/rayitosolaz.cl\/index.php?rest_route=\/wp\/v2\/pages\/54\/revisions\/122"}],"wp:attachment":[{"href":"https:\/\/rayitosolaz.cl\/index.php?rest_route=%2Fwp%2Fv2%2Fmedia&parent=54"}],"curies":[{"name":"wp","href":"https:\/\/api.w.org\/{rel}","templated":true}]}}